{"id":2012,"date":"2020-05-29T15:35:58","date_gmt":"2020-05-29T15:35:58","guid":{"rendered":"https:\/\/auto-lankwitz.de\/?page_id=2012"},"modified":"2020-06-16T21:44:00","modified_gmt":"2020-06-16T21:44:00","slug":"lackierung","status":"publish","type":"page","link":"https:\/\/auto-lankwitz.de\/?page_id=2012","title":{"rendered":"Lackierung"},"content":{"rendered":"\t\t<div data-elementor-type=\"wp-page\" data-elementor-id=\"2012\" class=\"elementor elementor-2012\" data-elementor-settings=\"[]\">\n\t\t\t\t\t\t<div class=\"elementor-inner\">\n\t\t\t\t\t\t\t<div class=\"elementor-section-wrap\">\n\t\t\t\t\t\t\t<section class=\"elementor-section elementor-top-section elementor-element elementor-element-5a5ad69 elementor-section-boxed elementor-section-height-default elementor-section-height-default\" data-id=\"5a5ad69\" data-element_type=\"section\">\n\t\t\t\t\t\t<div class=\"elementor-container elementor-column-gap-default\">\n\t\t\t\t\t\t\t<div class=\"elementor-row\">\n\t\t\t\t\t<div class=\"elementor-column elementor-col-100 elementor-top-column elementor-element elementor-element-d6824e6\" data-id=\"d6824e6\" data-element_type=\"column\">\n\t\t\t<div class=\"elementor-column-wrap elementor-element-populated\">\n\t\t\t\t\t\t\t<div class=\"elementor-widget-wrap\">\n\t\t\t\t\t\t<div class=\"elementor-element elementor-element-8decec0 elementor-widget elementor-widget-heading\" data-id=\"8decec0\" data-element_type=\"widget\" data-widget_type=\"heading.default\">\n\t\t\t\t<div class=\"elementor-widget-container\">\n\t\t\t<h2 class=\"elementor-heading-title elementor-size-default\">Lackierung<\/h2>\t\t<\/div>\n\t\t\t\t<\/div>\n\t\t\t\t\t\t<\/div>\n\t\t\t\t\t<\/div>\n\t\t<\/div>\n\t\t\t\t\t\t\t\t<\/div>\n\t\t\t\t\t<\/div>\n\t\t<\/section>\n\t\t\t\t<section class=\"elementor-section elementor-top-section elementor-element elementor-element-26a3845 elementor-section-boxed elementor-section-height-default elementor-section-height-default\" data-id=\"26a3845\" data-element_type=\"section\">\n\t\t\t\t\t\t<div class=\"elementor-container elementor-column-gap-default\">\n\t\t\t\t\t\t\t<div class=\"elementor-row\">\n\t\t\t\t\t<div class=\"elementor-column elementor-col-50 elementor-top-column elementor-element elementor-element-6f1f0db\" data-id=\"6f1f0db\" data-element_type=\"column\">\n\t\t\t<div class=\"elementor-column-wrap elementor-element-populated\">\n\t\t\t\t\t\t\t<div class=\"elementor-widget-wrap\">\n\t\t\t\t\t\t<div class=\"elementor-element elementor-element-0701874 elementor-align-left elementor-icon-list--layout-traditional elementor-list-item-link-full_width elementor-widget elementor-widget-icon-list\" data-id=\"0701874\" data-element_type=\"widget\" data-widget_type=\"icon-list.default\">\n\t\t\t\t<div class=\"elementor-widget-container\">\n\t\t\t\t\t<ul class=\"elementor-icon-list-items\">\n\t\t\t\t\t\t\t<li class=\"elementor-icon-list-item\">\n\t\t\t\t\t\t\t\t\t\t\t<span class=\"elementor-icon-list-icon\">\n\t\t\t\t\t\t\t<i aria-hidden=\"true\" class=\"far fa-circle\"><\/i>\t\t\t\t\t\t<\/span>\n\t\t\t\t\t\t\t\t\t\t<span class=\"elementor-icon-list-text\">Young & Oldtimer Lackierungen<\/span>\n\t\t\t\t\t\t\t\t\t<\/li>\n\t\t\t\t\t\t\t\t<li class=\"elementor-icon-list-item\">\n\t\t\t\t\t\t\t\t\t\t\t<span class=\"elementor-icon-list-icon\">\n\t\t\t\t\t\t\t<i aria-hidden=\"true\" class=\"far fa-circle\"><\/i>\t\t\t\t\t\t<\/span>\n\t\t\t\t\t\t\t\t\t\t<span class=\"elementor-icon-list-text\">Ganz-, Teil- oder Reparaturlackierungen<\/span>\n\t\t\t\t\t\t\t\t\t<\/li>\n\t\t\t\t\t\t\t\t<li class=\"elementor-icon-list-item\">\n\t\t\t\t\t\t\t\t\t\t\t<span class=\"elementor-icon-list-icon\">\n\t\t\t\t\t\t\t<i aria-hidden=\"true\" class=\"far fa-circle\"><\/i>\t\t\t\t\t\t<\/span>\n\t\t\t\t\t\t\t\t\t\t<span class=\"elementor-icon-list-text\">Fachgerechte Beseitigung von Lackkratzern und Parksch\u00e4den<\/span>\n\t\t\t\t\t\t\t\t\t<\/li>\n\t\t\t\t\t\t\t\t<li class=\"elementor-icon-list-item\">\n\t\t\t\t\t\t\t\t\t\t\t<span class=\"elementor-icon-list-icon\">\n\t\t\t\t\t\t\t<i aria-hidden=\"true\" class=\"far fa-circle\"><\/i>\t\t\t\t\t\t<\/span>\n\t\t\t\t\t\t\t\t\t\t<span class=\"elementor-icon-list-text\">Kunststoff Lackierung<\/span>\n\t\t\t\t\t\t\t\t\t<\/li>\n\t\t\t\t\t\t\t\t<li class=\"elementor-icon-list-item\">\n\t\t\t\t\t\t\t\t\t\t\t<span class=\"elementor-icon-list-icon\">\n\t\t\t\t\t\t\t<i aria-hidden=\"true\" class=\"far fa-circle\"><\/i>\t\t\t\t\t\t<\/span>\n\t\t\t\t\t\t\t\t\t\t<span class=\"elementor-icon-list-text\">Design Lackierungen<\/span>\n\t\t\t\t\t\t\t\t\t<\/li>\n\t\t\t\t\t\t\t\t<li class=\"elementor-icon-list-item\">\n\t\t\t\t\t\t\t\t\t\t\t<span class=\"elementor-icon-list-icon\">\n\t\t\t\t\t\t\t<i aria-hidden=\"true\" class=\"far fa-circle\"><\/i>\t\t\t\t\t\t<\/span>\n\t\t\t\t\t\t\t\t\t\t<span class=\"elementor-icon-list-text\">Lacksch\u00e4denreparaturen vor dem Leasing R\u00fcckgabe (Kostenlose Beratung)<\/span>\n\t\t\t\t\t\t\t\t\t<\/li>\n\t\t\t\t\t\t\t\t<li class=\"elementor-icon-list-item\">\n\t\t\t\t\t\t\t\t\t\t\t<span class=\"elementor-icon-list-icon\">\n\t\t\t\t\t\t\t<i aria-hidden=\"true\" class=\"far fa-circle\"><\/i>\t\t\t\t\t\t<\/span>\n\t\t\t\t\t\t\t\t\t\t<span class=\"elementor-icon-list-text\">Lackierung mit umweltfreundlichen Wasserlacken<\/span>\n\t\t\t\t\t\t\t\t\t<\/li>\n\t\t\t\t\t\t<\/ul>\n\t\t\t\t<\/div>\n\t\t\t\t<\/div>\n\t\t\t\t\t\t<\/div>\n\t\t\t\t\t<\/div>\n\t\t<\/div>\n\t\t\t\t<div class=\"elementor-column elementor-col-50 elementor-top-column elementor-element elementor-element-d0f0af3\" data-id=\"d0f0af3\" data-element_type=\"column\">\n\t\t\t<div class=\"elementor-column-wrap elementor-element-populated\">\n\t\t\t\t\t\t\t<div class=\"elementor-widget-wrap\">\n\t\t\t\t\t\t<div class=\"elementor-element elementor-element-172669d elementor-widget elementor-widget-image\" data-id=\"172669d\" data-element_type=\"widget\" data-widget_type=\"image.default\">\n\t\t\t\t<div class=\"elementor-widget-container\">\n\t\t\t\t\t\t\t\t<div class=\"elementor-image\">\n\t\t\t\t\t\t\t\t\t\t\t\t<img width=\"1024\" height=\"685\" src=\"https:\/\/auto-lankwitz.de\/wp-content\/uploads\/2020\/05\/auto-mechanic-working-and-painting-a-red-van-in-a-VB7EHZW-1024x685.jpg\" class=\"attachment-large size-large\" alt=\"\" loading=\"lazy\" srcset=\"https:\/\/auto-lankwitz.de\/wp-content\/uploads\/2020\/05\/auto-mechanic-working-and-painting-a-red-van-in-a-VB7EHZW-1024x685.jpg 1024w, https:\/\/auto-lankwitz.de\/wp-content\/uploads\/2020\/05\/auto-mechanic-working-and-painting-a-red-van-in-a-VB7EHZW-300x201.jpg 300w, https:\/\/auto-lankwitz.de\/wp-content\/uploads\/2020\/05\/auto-mechanic-working-and-painting-a-red-van-in-a-VB7EHZW-768x514.jpg 768w, https:\/\/auto-lankwitz.de\/wp-content\/uploads\/2020\/05\/auto-mechanic-working-and-painting-a-red-van-in-a-VB7EHZW-570x380.jpg 570w, https:\/\/auto-lankwitz.de\/wp-content\/uploads\/2020\/05\/auto-mechanic-working-and-painting-a-red-van-in-a-VB7EHZW-480x320.jpg 480w, https:\/\/auto-lankwitz.de\/wp-content\/uploads\/2020\/05\/auto-mechanic-working-and-painting-a-red-van-in-a-VB7EHZW-390x260.jpg 390w, https:\/\/auto-lankwitz.de\/wp-content\/uploads\/2020\/05\/auto-mechanic-working-and-painting-a-red-van-in-a-VB7EHZW-270x180.jpg 270w, https:\/\/auto-lankwitz.de\/wp-content\/uploads\/2020\/05\/auto-mechanic-working-and-painting-a-red-van-in-a-VB7EHZW.jpg 1220w\" sizes=\"(max-width: 1024px) 100vw, 1024px\" \/>\t\t\t\t\t\t\t\t\t\t\t\t\t\t<\/div>\n\t\t\t\t\t\t<\/div>\n\t\t\t\t<\/div>\n\t\t\t\t\t\t<\/div>\n\t\t\t\t\t<\/div>\n\t\t<\/div>\n\t\t\t\t\t\t\t\t<\/div>\n\t\t\t\t\t<\/div>\n\t\t<\/section>\n\t\t\t\t<section class=\"elementor-section elementor-top-section elementor-element elementor-element-2567aae elementor-section-boxed elementor-section-height-default elementor-section-height-default\" data-id=\"2567aae\" data-element_type=\"section\">\n\t\t\t\t\t\t<div class=\"elementor-container elementor-column-gap-default\">\n\t\t\t\t\t\t\t<div class=\"elementor-row\">\n\t\t\t\t\t<div class=\"elementor-column elementor-col-100 elementor-top-column elementor-element elementor-element-fec24fd\" data-id=\"fec24fd\" data-element_type=\"column\">\n\t\t\t<div class=\"elementor-column-wrap elementor-element-populated\">\n\t\t\t\t\t\t\t<div class=\"elementor-widget-wrap\">\n\t\t\t\t\t\t<div class=\"elementor-element elementor-element-96e71e9 elementor-widget elementor-widget-heading\" data-id=\"96e71e9\" data-element_type=\"widget\" data-widget_type=\"heading.default\">\n\t\t\t\t<div class=\"elementor-widget-container\">\n\t\t\t<h2 class=\"elementor-heading-title elementor-size-default\">\n<\/h2>\t\t<\/div>\n\t\t\t\t<\/div>\n\t\t\t\t<div class=\"elementor-element elementor-element-b5908c9 elementor-widget elementor-widget-text-editor\" data-id=\"b5908c9\" data-element_type=\"widget\" data-widget_type=\"text-editor.default\">\n\t\t\t\t<div class=\"elementor-widget-container\">\n\t\t\t\t\t\t\t\t<div class=\"elementor-text-editor elementor-clearfix\">\n\t\t\t\t\t<div style=\"font-weight: 400; font-style: normal; font-size: 14px; font-family: Roboto, sans-serif;\"><div style=\"font-size: 14px;\"><div style=\"font-size: 14px;\"><div style=\"font-size: 14px;\"><div style=\"font-size: 14px;\"><h2 style=\"font-size: 14px;\"><em><strong>Wir lackieren &#8211; Sie profitieren.<\/strong><\/em><\/h2><p style=\"font-size: 14px;\">Aus Meisterhand und mit Erfahrung lackieren wir\u00a0<span style=\"font-family: 'Open Sans'; font-size: 14px; font-style: normal;\">seit 2005<\/span><span style=\"font-family: 'Open Sans'; font-size: 14px; font-style: normal;\">\u00a0<\/span><span style=\"font-family: 'Open Sans'; font-size: 14px;\">PKW`s aller Fahrzeug-Hersteller schnell, zuverl\u00e4ssig und kosteng\u00fcnstig.<\/span><\/p><p style=\"font-size: 14px;\"><span style=\"font-family: 'Open Sans'; font-size: 14px; font-style: normal;\">Dabei legen wir besonderen Wert auf eine\u00a0<\/span><span style=\"font-family: 'Open Sans'; font-size: 14px; font-style: normal; font-weight: bold;\">umweltschonende<\/span><span style=\"font-family: 'Open Sans'; font-size: 14px; font-style: normal;\">\u00a0professionelle Verarbeitung und dauerhafte Qualit\u00e4t.<\/span><\/p><\/div><\/div><\/div><\/div><\/div><div style=\"font-weight: 400; font-style: normal; font-size: 14px; font-family: Roboto, sans-serif;\"><div style=\"font-size: 14px;\"><div style=\"font-size: 14px;\">\u00a0<\/div><\/div><\/div>\t\t\t\t\t<\/div>\n\t\t\t\t\t\t<\/div>\n\t\t\t\t<\/div>\n\t\t\t\t\t\t<\/div>\n\t\t\t\t\t<\/div>\n\t\t<\/div>\n\t\t\t\t\t\t\t\t<\/div>\n\t\t\t\t\t<\/div>\n\t\t<\/section>\n\t\t\t\t<section class=\"elementor-section elementor-top-section elementor-element elementor-element-77df90f elementor-section-boxed elementor-section-height-default elementor-section-height-default\" data-id=\"77df90f\" data-element_type=\"section\">\n\t\t\t\t\t\t<div class=\"elementor-container elementor-column-gap-default\">\n\t\t\t\t\t\t\t<div class=\"elementor-row\">\n\t\t\t\t\t<div class=\"elementor-column elementor-col-100 elementor-top-column elementor-element elementor-element-5f585cb\" data-id=\"5f585cb\" data-element_type=\"column\">\n\t\t\t<div class=\"elementor-column-wrap elementor-element-populated\">\n\t\t\t\t\t\t\t<div class=\"elementor-widget-wrap\">\n\t\t\t\t\t\t<div class=\"elementor-element elementor-element-f3a0cfb elementor-align-center elementor-widget elementor-widget-button\" data-id=\"f3a0cfb\" data-element_type=\"widget\" data-widget_type=\"button.default\">\n\t\t\t\t<div class=\"elementor-widget-container\">\n\t\t\t\t\t<div class=\"elementor-button-wrapper\">\n\t\t\t<a href=\"https:\/\/auto-lankwitz.de\/?page_id=1945\" class=\"elementor-button-link elementor-button elementor-size-sm\" role=\"button\">\n\t\t\t\t\t\t<span class=\"elementor-button-content-wrapper\">\n\t\t\t\t\t\t<span class=\"elementor-button-text\">Termin vereinbaren<\/span>\n\t\t<\/span>\n\t\t\t\t\t<\/a>\n\t\t<\/div>\n\t\t\t\t<\/div>\n\t\t\t\t<\/div>\n\t\t\t\t\t\t<\/div>\n\t\t\t\t\t<\/div>\n\t\t<\/div>\n\t\t\t\t\t\t\t\t<\/div>\n\t\t\t\t\t<\/div>\n\t\t<\/section>\n\t\t\t\t\t\t<\/div>\n\t\t\t\t\t\t<\/div>\n\t\t\t\t\t<\/div>\n\t\t","protected":false},"excerpt":{"rendered":"<p>Lackierung Young &#038; Oldtimer Lackierungen Ganz-, Teil- oder Reparaturlackierungen Fachgerechte Beseitigung von Lackkratzern und Parksch\u00e4den Kunststoff Lackierung Design Lackierungen Lacksch\u00e4denreparaturen vor dem Leasing R\u00fcckgabe (Kostenlose Beratung) Lackierung mit umweltfreundlichen Wasserlacken Wir lackieren &#8211; Sie profitieren. Aus Meisterhand und mit Erfahrung lackieren wir\u00a0seit 2005\u00a0PKW`s aller Fahrzeug-Hersteller schnell, zuverl\u00e4ssig und kosteng\u00fcnstig. Dabei legen wir besonderen Wert auf<\/p>\n","protected":false},"author":1,"featured_media":0,"parent":0,"menu_order":0,"comment_status":"closed","ping_status":"closed","template":"elementor_header_footer","meta":[],"_links":{"self":[{"href":"https:\/\/auto-lankwitz.de\/index.php?rest_route=\/wp\/v2\/pages\/2012"}],"collection":[{"href":"https:\/\/auto-lankwitz.de\/index.php?rest_route=\/wp\/v2\/pages"}],"about":[{"href":"https:\/\/auto-lankwitz.de\/index.php?rest_route=\/wp\/v2\/types\/page"}],"author":[{"embeddable":true,"href":"https:\/\/auto-lankwitz.de\/index.php?rest_route=\/wp\/v2\/users\/1"}],"replies":[{"embeddable":true,"href":"https:\/\/auto-lankwitz.de\/index.php?rest_route=%2Fwp%2Fv2%2Fcomments&post=2012"}],"version-history":[{"count":15,"href":"https:\/\/auto-lankwitz.de\/index.php?rest_route=\/wp\/v2\/pages\/2012\/revisions"}],"predecessor-version":[{"id":2436,"href":"https:\/\/auto-lankwitz.de\/index.php?rest_route=\/wp\/v2\/pages\/2012\/revisions\/2436"}],"wp:attachment":[{"href":"https:\/\/auto-lankwitz.de\/index.php?rest_route=%2Fwp%2Fv2%2Fmedia&parent=2012"}],"curies":[{"name":"wp","href":"https:\/\/api.w.org\/{rel}","templated":true}]}}